{"id":13848,"date":"2023-01-20T10:41:55","date_gmt":"2023-01-20T09:41:55","guid":{"rendered":"https:\/\/sugurakudoonor.ee\/?page_id=13848"},"modified":"2023-01-20T10:41:55","modified_gmt":"2023-01-20T09:41:55","slug":"%d1%83%d1%81%d0%bb%d0%be%d0%b2%d0%b8%d1%8f-%d0%b7%d0%b0%d1%89%d0%b8%d1%82%d1%8b-%d0%b4%d0%b0%d0%bd%d0%bd%d1%8b%d1%85","status":"publish","type":"page","link":"https:\/\/sugurakudoonor.ee\/ru\/%d1%83%d1%81%d0%bb%d0%be%d0%b2%d0%b8%d1%8f-%d0%b7%d0%b0%d1%89%d0%b8%d1%82%d1%8b-%d0%b4%d0%b0%d0%bd%d0%bd%d1%8b%d1%85\/","title":{"rendered":"\u0423\u0441\u043b\u043e\u0432\u0438\u044f \u0437\u0430\u0449\u0438\u0442\u044b \u0434\u0430\u043d\u043d\u044b\u0445"},"content":{"rendered":"\t\t<div data-elementor-type=\"wp-page\" data-elementor-id=\"13848\" class=\"elementor elementor-13848\" data-elementor-post-type=\"page\">\n\t\t\t\t\t\t<section class=\"elementor-section elementor-top-section elementor-element elementor-element-0755663 elementor-section-full_width elementor-section-height-default elementor-section-height-default\" data-id=\"0755663\" data-element_type=\"section\" data-e-type=\"section\" data-settings=\"{&quot;background_background&quot;:&quot;classic&quot;}\">\n\t\t\t\t\t\t<div class=\"elementor-container elementor-column-gap-no\">\n\t\t\t\t\t<div class=\"elementor-column elementor-col-100 elementor-top-column elementor-element elementor-element-6c968c3\" data-id=\"6c968c3\" data-element_type=\"column\" data-e-type=\"column\">\n\t\t\t<div class=\"elementor-widget-wrap elementor-element-populated\">\n\t\t\t\t\t\t<section class=\"elementor-section elementor-inner-section elementor-element elementor-element-b017c7b elementor-section-boxed elementor-section-height-default elementor-section-height-default\" data-id=\"b017c7b\" data-element_type=\"section\" data-e-type=\"section\">\n\t\t\t\t\t\t<div class=\"elementor-container elementor-column-gap-default\">\n\t\t\t\t\t<div class=\"elementor-column elementor-col-100 elementor-inner-column elementor-element elementor-element-be1828c\" data-id=\"be1828c\" data-element_type=\"column\" data-e-type=\"column\">\n\t\t\t<div class=\"elementor-widget-wrap elementor-element-populated\">\n\t\t\t\t\t\t<div class=\"elementor-element elementor-element-ee33af0 elementor-widget elementor-widget-text-editor\" data-id=\"ee33af0\" data-element_type=\"widget\" data-e-type=\"widget\" data-widget_type=\"text-editor.default\">\n\t\t\t\t<div class=\"elementor-widget-container\">\n\t\t\t\t\t\t\t\t\t<p><strong>Sugurakudoonor.ee<\/strong>\u00a0(BioEximi O\u00dc) on tervishoiuteenuse osutaja, kellel on seadusest tulenev saladuse hoidmise kohustus ning tervise infos\u00fcsteemi p\u00f5him\u00e4\u00e4ruse \u00a7-st 11 ja tervishoiuteenuste korraldamise seaduse \u00a7-st 4\u00b9 tulenev \u00f5igus t\u00f6\u00f6delda andmesubjekti n\u00f5usolekuta tervishoiuteenuse osutamiseks vajalikke isikuandmeid, sealhulgas eriliigilisi isikuandmeid ehk terviseandmeid.<\/p><p>BioEximi O\u00dc andmekaitsetingimused kohalduvad j\u00e4rgmistele andmesubjektidele:<\/p><ul><li aria-level=\"1\">BioEximi O\u00dc t\u00f6\u00f6tajad, t\u00f6\u00f6le kandideerijad ning praktikandid;<\/li><li aria-level=\"1\">BioEximi O\u00dc kliendid ning klientide poolt m\u00e4\u00e4ratud kontaktisikud;<\/li><li aria-level=\"1\">BioEximi O\u00dc lepingupartnerite esindajad ja kontaktisikud ning muude tervishoiuteenuse pakkujate esindajad ja kontaktisikud;<\/li><li aria-level=\"1\">BioEximi O\u00dc-le selgitustaotluse, e-kirja, teaben\u00f5ude, t\u00e4nukirja vms saatjad ja nende esindajad.<\/li><\/ul><p>P\u00f5him\u00f5tted, mille alusel BioEximi O\u00dc andmesubjekti isikuandmeid t\u00f6\u00f6tleb, on avaldatud allj\u00e4rgnevates andmekaitsetingimustes.\u00a0<\/p><ol><li><b>Isikuandmete vastutav t\u00f6\u00f6tleja<\/b><\/li><li aria-level=\"2\">Isikuandmete vastutav t\u00f6\u00f6tleja on BioEximi O\u00dc, registrikood 11767227, aadress Veerenni 51, 10138 Tallinn, e-post\u00a0info@ivfnordic.com,\u00a0 telefon 607 0017.<\/li><li aria-level=\"2\">Isikuandmete t\u00f6\u00f6tlemisega seonduvate k\u00fcsimustega tegeleb BioEximi O\u00dc andmekaitse spetsialist Eerika Eensalu, aadress: Veerenni 51, 10138 Tallinn, tel 607 0017, e-post\u00a0eerika.eensalu@ivfnordic.com.<\/li><li><b>Isikuandmete t\u00f6\u00f6tlemise eesm\u00e4rgid\u00a0<\/b><\/li><\/ol><p>2.1. BioEximi O\u00dc isikuandmete t\u00f6\u00f6tlemise eesm\u00e4rgid on:<\/p><p>2.1.1. tervishoiuteenuse osutamine;<\/p><p>2.1.2. \u00f5ppet\u00f6\u00f6 ehk praktika korraldamine ning l\u00e4biviimine;<\/p><p>2.1.3. teadust\u00f6\u00f6 korraldamine;<\/p><p>2.1.4. lepinguliste ning seadusest tulenevate kohustuste t\u00e4itmine ja \u00f5iguste kaitsmine t\u00f6\u00f6- ja v\u00f5lasuhetes.<\/p><p>2.2. BioEximi O\u00dc l\u00e4htub isikuandmete t\u00f6\u00f6tlemisel eesm\u00e4rgikohasuse ning minimaalsuse p\u00f5him\u00f5ttest ehk t\u00f6\u00f6deldakse vaid neid andmeid ja vastavas ulatuses, mis on konkreetse eesm\u00e4rgi saavutamiseks vajalikud.<\/p><ol start=\"3\"><li><b>Isikuandmete t\u00f6\u00f6tlemise \u00f5iguslikud alused<\/b><\/li><\/ol><p>3.1. BioEximi O\u00dc kogub ja t\u00f6\u00f6tleb isikuandmeid j\u00e4rgmistel \u00f5iguslikel alustel:<\/p><p>3.1.1. lepingu alusel ehk isikuandmete t\u00f6\u00f6tlemine on vajalik BioEximi O\u00dc ja andmesubjekti vahel lepingu s\u00f5lmimiseks ja s\u00f5lmitud lepingu t\u00e4itmiseks;<\/p><p>3.1.2. seaduse alusel ehk isikuandmete t\u00f6\u00f6tlemine toimub BioEximi O\u00dc-le seadusest tulenevate kohustuste t\u00e4itmiseks ning \u00f5iguste tagamiseks;<\/p><p>3.1.3. n\u00f5usoleku alusel ehk andmesubjekt on andnud BioEximi O\u00dc-le selges\u00f5nalise n\u00f5usoleku oma isikuandmete t\u00f6\u00f6tlemiseks andmesubjektile eelnevalt teadaoleval \u00fchel v\u00f5i mitmel eesm\u00e4rgil;<\/p><p>3.1.4. \u00f5igustatud huvi alusel t\u00f6\u00f6tleb BioEximi O\u00dc isikuandmeid ainult juhul, kui sellist t\u00f6\u00f6tlemist ei kaalu \u00fcles andmesubjekti huvid v\u00f5i p\u00f5hi\u00f5igused ja -vabadused.<\/p><ol start=\"4\"><li><b>T\u00f6\u00f6deldavate isikuandmete liigid<\/b><\/li><\/ol><p>4.1. BioEximi O\u00dc kogub ja t\u00f6\u00f6tleb allj\u00e4rgnevaid isikuandmeid:<\/p><p>4.1.1. andmesubjekti \u00fcldised isikuandmed ehk teave, mille alusel saab isikut otse v\u00f5i kaudselt tuvastada, ennek\u00f5ike nimi, perenimi ja isikukood;<\/p><p>4.1.2. andmesubjekti kontaktandmed, n\u00e4iteks e-posti aadress, telefoninumber, aadress;<\/p><p>4.1.3. andmesubjekti eriliigilised isikuandmed, ennek\u00f5ike terviseandmed ja geneetilised andmed;<\/p><p>4.1.4. lepingu t\u00e4itmisega kaasnevad isikuandmed, sealhulgas andmesubjekti kontaktisiku isikuandmed, samuti pangaandmed ja v\u00f5la\u00f5igusliku kohustuse andmed;<\/p><p>4.1.5. t\u00f6\u00f6lepingu t\u00e4itmisega kaasnevad isikuandmed, sealhulgas haridust ja kutset t\u00f5endavad andmed ning andmesubjekti alaealiste laste andmed;<\/p><p>4.1.6. lepingupartneri ja muu tervishoiuteenuse osutaja esindaja ning kontaktisiku andmed, samuti praktikandi isikuandmed;<\/p><p>4.1.7. andmesubjekti poolt esitatud muu informatsioon.<\/p><ol start=\"5\"><li><b>Isikuandmete allikad<\/b><\/li><\/ol><ol><li aria-level=\"2\">Tervishoiuteenuse allikad on andmesubjekti esitatud teave, terviseandmeid ning -seisundit kajastavad dokumendid ja uuringute vastused, teised tervishoiuteenuse osutajad ja riiklikud andmekogud.<\/li><\/ol><ol><li aria-level=\"2\">Praktika ning teadust\u00f6\u00f6 allikad on andmed, mida andmesubjekt on lepingus v\u00f5i selges\u00f5nalises n\u00f5usolekus lubanud allikatena kasutada.\u00a0<\/li><\/ol><ol><li aria-level=\"2\">T\u00f6\u00f6- ja v\u00f5lasuhtes isikuandmete allikad on t\u00f6\u00f6taja ning t\u00f6\u00f6- ja v\u00f5lasuhtesse kaasatud isikud ning riiklikud andmekogud ja ametiasutustelt saadud teave.<\/li><\/ol><ol><li aria-level=\"2\">BioEximi O\u00dc v\u00f5ib isikuandmeid koguda ja t\u00f6\u00f6delda ka avalikult k\u00e4ttesaadavatest allikatest ja allikatest, mis p\u00f5hinevad informatsioonil, mis on saadud muudelt kolmandatelt isikutelt kohaldatavate seaduste ja \u00f5igusaktide piires.<\/li><\/ol><p>\u00a0<\/p><ol start=\"6\"><li><b>Isikuandmete t\u00f6\u00f6tlemise turvalisus<\/b><\/li><\/ol><ol><li aria-level=\"2\">BioEximi O\u00dc eesm\u00e4rk on tagada isikuandmete t\u00f6\u00f6tlemise turvalisus.<\/li><\/ol><ol><li aria-level=\"2\">BioEximi O\u00dc veebilehtedel\u00a0<a href=\"http:\/\/www.sugurakudoonor.ee\/\" target=\"_blank\" rel=\"noopener\">www.sugurakudoonor.ee<\/a>,\u00a0<a href=\"https:\/\/next-fertilitynordic.com\/\" target=\"_blank\" rel=\"noopener\">https:\/\/next-fertilitynordic.com<\/a>;\u00a0<a href=\"http:\/\/www.viljakus.ee\/\" target=\"_blank\" rel=\"noopener\">www.viljakus.ee<\/a>;\u00a0<a href=\"http:\/\/www.munarakudoonor.ee\/\" target=\"_blank\" rel=\"noopener\">www.munarakudoonor.ee<\/a>\u00a0ja\u00a0<a href=\"http:\/\/www.lapsesoov.ee\/\" target=\"_blank\" rel=\"noopener\">www.lapsesoov.ee<\/a>\u00a0ning infos\u00fcsteemis hoitavate andmete turvalisuse tagamiseks kasutatakse tehnilisi ja korralduslikke turvameetmeid nagu tulem\u00fc\u00fcrid ning paroolid, mis kaitsevad andmeid ebaseadusliku juurdep\u00e4\u00e4su ja \u200bjuhusliku kaotamise, muutmise eest.\u200b Paberkandjal saadud dokumente hoitakse lukustatud ruumides. Juurdep\u00e4\u00e4s isikuandmeid sisaldavatele dokumentidele ning infos\u00fcsteemidele on ainult selleks volitatud isikutel.<\/li><\/ol><ol><li aria-level=\"2\">BioEximi O\u00dc veebilehtedel on kasutusel ajakohastatud SSL sertifikaat, mis v\u00f5imaldab avalikus internetis privaatse kr\u00fcpteeritud sidekanali kasutamist (HTTPS), mille abil andmed edastatakse konfidentsiaalsete ja terviklikena.\u00a0<\/li><\/ol><p>\u00a0<\/p><ol start=\"7\"><li><b>Isikuandmete edastamine\u00a0<\/b><\/li><\/ol><ol><li aria-level=\"2\">BioEximi O\u00dc edastab isikuandmeid \u00f5igusliku aluse olemasolul, j\u00e4rgides k\u00f5iki isikuandmete t\u00f6\u00f6tlemisel kohalduvaid p\u00f5him\u00f5tteid, et tagada isikuandmete seaduslik, \u00f5iglane ja andmesubjektile l\u00e4bipaistev t\u00f6\u00f6tlemine.<\/li><\/ol><ol><li aria-level=\"2\">Isikuandmeid v\u00f5idakse t\u00f6\u00f6delda, vaadata ja s\u00e4ilitada ka v\u00e4ljaspool Eestit. Isikuandmete edastamine adressaatidele v\u00e4ljaspoole Euroopa Liitu v\u00f5i Euroopa Majanduspiirkonda toimub ainult erandjuhtudel Euroopa isikuandmete kaitse \u00fcldm\u00e4\u00e4ruse (IK\u00dcM) artikli 49 l\u00f5ikes 1 s\u00e4testatud andmesubjekti selges\u00f5nalise n\u00f5usoleku v\u00f5i lepingu alusel.<\/li><\/ol><p>\u00a0<\/p><ol start=\"8\"><li><b>Isikuandmete s\u00e4ilitamine<\/b><\/li><\/ol><ol><li aria-level=\"2\">BioEximi O\u00dc s\u00e4ilitab andmeid nii kaua kui see on vajalik, v\u00f5ttes arvesse isikuandmete t\u00f6\u00f6tlemise eesm\u00e4rki ning juhindudes t\u00e4htaegadest, mis on m\u00e4\u00e4ratud seadusega, andmesubjekti n\u00f5usolekuga ning andmesubjekti osalusel s\u00f5lmitud lepinguga.\u00a0<\/li><\/ol><ol><li aria-level=\"2\">BioEximi O\u00dc rakendab k\u00f5iki m\u00f5istlikke meetmeid, et\u00a0 BioEximi O\u00dc infos\u00fcsteemis ei s\u00e4ilitataks isikuandmete t\u00f6\u00f6tlemise eesm\u00e4rkidega vastuolus olevaid, vananenud v\u00f5i ebat\u00e4pseid isikuandmeid.<\/li><\/ol><p>\u00a0<\/p><ol start=\"9\"><li><b>Andmesubjekti \u00f5igused<\/b><\/li><\/ol><ol><li aria-level=\"2\">Andmesubjektil \u00f5igus saada teavet oma isikuandmete t\u00f6\u00f6tlemise kohta ning taotleda juurdep\u00e4\u00e4su andmesubjekti puudutavatele isikuandmetele.<\/li><\/ol><ol><li aria-level=\"2\">Andmesubjektil on \u00f5igus n\u00f5uda isikuandmete parandamist v\u00f5i kustutamist. Andmesubjektil on \u00f5igus esitada vastuv\u00e4iteid isikuandmete t\u00f6\u00f6tlemisele v\u00f5i piirata isikuandmete t\u00f6\u00f6tlemist.<\/li><\/ol><ol><li aria-level=\"2\">Andmesubjektil on \u00f5igus v\u00f5tta tagasi v\u00f5i muuta oma isikuandmete t\u00f6\u00f6tlemiseks antud n\u00f5usolekut olukordades, kus t\u00f6\u00f6tlemine p\u00f5hineb andmesubjekti selges\u00f5nalisel n\u00f5usolekul.<\/li><\/ol><ol><li aria-level=\"2\">Isikuandmetega t\u00f6\u00f6tlemisega seotud k\u00fcsimuste ning kaebuste korral on v\u00f5imalik p\u00f6\u00f6rduda BioEximi O\u00dc andmekaitse spetsialisti poole, e-post\u00a0eerika.eensalu@ivfnordic.com. Taotlusi, avaldusi ning ettepanekuid saab esitada ka digitaalselt allkirjastatuna, e-post\u00a0info@ivfnordic.com.\u00a0<\/li><\/ol><ol><li aria-level=\"2\">Andmesubjekti kirjalikus avalduses n\u00f5utavate andmete v\u00e4ljastamine toimub isikut t\u00f5endava dokumendi alusel v\u00f5i kr\u00fcpteeritult. Isikuandmete t\u00f6\u00f6tlemise turvalisuse huvides telefoni teel andmeid ei v\u00e4ljastata.<\/li><\/ol><ol><li aria-level=\"2\">Andmesubjektil on \u00f5igus esitada ka kaebus andmekaitse j\u00e4relevalveasutusele, milleks on Andmekaitse Inspektsioon, aadress Tatari 39, Tallinn 10134, e-post\u00a0info@aki.ee.<\/li><\/ol>\t\t\t\t\t\t\t\t<\/div>\n\t\t\t\t<\/div>\n\t\t\t\t\t<\/div>\n\t\t<\/div>\n\t\t\t\t\t<\/div>\n\t\t<\/section>\n\t\t\t\t<section class=\"elementor-section elementor-inner-section elementor-element elementor-element-ae30956 elementor-section-full_width elementor-section-height-default elementor-section-height-default\" data-id=\"ae30956\" data-element_type=\"section\" data-e-type=\"section\">\n\t\t\t\t\t\t<div class=\"elementor-container elementor-column-gap-no\">\n\t\t\t\t\t<div class=\"elementor-column elementor-col-100 elementor-inner-column elementor-element elementor-element-ac3ff6b\" data-id=\"ac3ff6b\" data-element_type=\"column\" data-e-type=\"column\">\n\t\t\t<div class=\"elementor-widget-wrap elementor-element-populated\">\n\t\t\t\t\t\t<div class=\"elementor-element elementor-element-0c1ace1 elementor-widget elementor-widget-image\" data-id=\"0c1ace1\" data-element_type=\"widget\" data-e-type=\"widget\" data-widget_type=\"image.default\">\n\t\t\t\t<div class=\"elementor-widget-container\">\n\t\t\t\t\t\t\t\t\t\t\t\t\t\t\t<img fetchpriority=\"high\" decoding=\"async\" width=\"1920\" height=\"406\" src=\"https:\/\/sugurakudoonor.ee\/wp-content\/uploads\/2020\/11\/divisor-superior-s1.svg\" class=\"attachment-full size-full wp-image-400\" alt=\"\" \/>\t\t\t\t\t\t\t\t\t\t\t\t\t\t\t<\/div>\n\t\t\t\t<\/div>\n\t\t\t\t\t<\/div>\n\t\t<\/div>\n\t\t\t\t\t<\/div>\n\t\t<\/section>\n\t\t\t\t\t<\/div>\n\t\t<\/div>\n\t\t\t\t\t<\/div>\n\t\t<\/section>\n\t\t\t\t<\/div>\n\t\t","protected":false},"excerpt":{"rendered":"","protected":false},"author":13,"featured_media":0,"parent":0,"menu_order":0,"comment_status":"closed","ping_status":"closed","template":"","meta":{"footnotes":""},"class_list":["post-13848","page","type-page","status-publish","hentry"],"_links":{"self":[{"href":"https:\/\/sugurakudoonor.ee\/ru\/wp-json\/wp\/v2\/pages\/13848","targetHints":{"allow":["GET"]}}],"collection":[{"href":"https:\/\/sugurakudoonor.ee\/ru\/wp-json\/wp\/v2\/pages"}],"about":[{"href":"https:\/\/sugurakudoonor.ee\/ru\/wp-json\/wp\/v2\/types\/page"}],"author":[{"embeddable":true,"href":"https:\/\/sugurakudoonor.ee\/ru\/wp-json\/wp\/v2\/users\/13"}],"replies":[{"embeddable":true,"href":"https:\/\/sugurakudoonor.ee\/ru\/wp-json\/wp\/v2\/comments?post=13848"}],"version-history":[{"count":0,"href":"https:\/\/sugurakudoonor.ee\/ru\/wp-json\/wp\/v2\/pages\/13848\/revisions"}],"wp:attachment":[{"href":"https:\/\/sugurakudoonor.ee\/ru\/wp-json\/wp\/v2\/media?parent=13848"}],"curies":[{"name":"wp","href":"https:\/\/api.w.org\/{rel}","templated":true}]}}